{"id":920,"date":"2025-05-28T16:07:28","date_gmt":"2025-05-28T14:07:28","guid":{"rendered":"https:\/\/jeanphilippeguigou.com\/?page_id=920"},"modified":"2025-11-11T11:28:01","modified_gmt":"2025-11-11T10:28:01","slug":"films","status":"publish","type":"page","link":"https:\/\/jeanphilippeguigou.com\/?page_id=920","title":{"rendered":"Cin\u00e9ma"},"content":{"rendered":"\n<p>Le premier des deux films pr\u00e9sent\u00e9s ici part sur les traces de la Varsovie de la fin des ann\u00e9es soixante. Une ville \u00ab\u00a0<em>de l&rsquo;extinction des lumi\u00e8res et du resserrement des vis<\/em>\u00a0\u00bb comme la d\u00e9finissait Andrzej Zulawski. Il a \u00e9t\u00e9 tourn\u00e9 \u00e0 Varsovie avec le cin\u00e9aste et \u00e9crivain polonais. Le second film a \u00e9t\u00e9 tourn\u00e9 \u00e0 Rome, \u00e0 deux pas du Vatican, dans les profondeurs sombres et inqui\u00e9tantes des souterrains de la boutique <em>Profondo rosso<\/em> et dans les studios de Cinecitt\u00e0 avec Luigi Cozzi, le plus grand cin\u00e9aste italien de science fiction. De son c\u00f4t\u00e9, la grande aventure <em>Filigranowa<\/em> a \u00e9t\u00e9 l&rsquo;occasion de s\u00e9lectionner, traduire et distribuer dans les salles de cin\u00e9ma fran\u00e7aises et en DVD plus de 45 films de montagne et d&rsquo;aventure en provenance du monde entier et r\u00e9alis\u00e9s par les plus grands cin\u00e9astes du genre. La programmation du <em>Festival du Film de Montagne de Patrimoine de Belley<\/em> poursuit ce travail.<\/p>\n\n\n\n<p><\/p>\n\n\n\n<div style=\"height:40px\" aria-hidden=\"true\" class=\"wp-block-spacer\"><\/div>\n\n\n\n<div class=\"wp-block-uagb-container uagb-block-f32eefc0 alignfull uagb-is-root-container\"><div class=\"uagb-container-inner-blocks-wrap\">\n<h2 class=\"wp-block-heading has-text-align-center\">Varsovie, la for\u00eat forteresse<\/h2>\n\n\n<div class=\"wp-block-image\">\n<figure class=\"aligncenter size-full\"><img loading=\"lazy\" decoding=\"async\" width=\"722\" height=\"1000\" src=\"https:\/\/jeanphilippeguigou.com\/wp-content\/uploads\/2025\/05\/varsovie1.jpg\" alt=\"Varsovie, la for\u00eat forteresse. Film Andrzej Zulawski sc\u00e9nario Jean-Philippe Guigou\" class=\"wp-image-262\" srcset=\"https:\/\/jeanphilippeguigou.com\/wp-content\/uploads\/2025\/05\/varsovie1.jpg 722w, https:\/\/jeanphilippeguigou.com\/wp-content\/uploads\/2025\/05\/varsovie1-217x300.jpg 217w\" sizes=\"auto, (max-width: 722px) 100vw, 722px\" \/><figcaption class=\"wp-element-caption\"><strong>Sc\u00e9nariste du long-m\u00e9trage documentaire <em>Varsovie, la for\u00eat forteresse<\/em><\/strong><br><strong>Film tourn\u00e9 \u00e0 Varsovie avec le cin\u00e9aste et \u00e9crivain polonais Andrzej Zulawski. <\/strong><br><strong>DVD publi\u00e9 en France aux \u00e9ditions L&rsquo;Harmattan<\/strong><\/figcaption><\/figure><\/div>\n\n\n<p><em>Synopsis :<\/em> Il \u00e9tait une fois un pays totalitaire dans lequel a exist\u00e9 un improbable \u00eelot d&rsquo;intelligence et de r\u00e9sistance auto-baptis\u00e9 \u00ab\u00a0Principaut\u00e9 de Varsovie\u00a0\u00bb. Des intellectuels tentaient d&rsquo;y survivre, tant bien que mal. Pour cela, ils n&rsquo;avaient d&rsquo;autre choix que de pratiquer un double-jeu pour \u00e9viter de se faire broyer par les vis du r\u00e9gime. Jusqu&rsquo;o\u00f9 \u00e9tait-il possible d&rsquo;aller sans d\u00e9finitivement perdre son \u00e2me ? Dans le cas d&rsquo;Andrzej Zulawski, son amour de Varsovie est immod\u00e9r\u00e9 et pourtant complexe\u2026 Il en a \u00e9t\u00e9 physiquement chass\u00e9 \u00e0 deux reprises sous l&rsquo;\u00e9poque communiste et, contrairement \u00e0 ses confr\u00e8res polonais de la m\u00eame g\u00e9n\u00e9ration, il s&rsquo;est battu pour poursuivre dans sa ville son travail d&rsquo;\u00e9crivain et de cin\u00e9aste.<\/p>\n<\/div><\/div>\n\n\n\n<div style=\"height:40px\" aria-hidden=\"true\" class=\"wp-block-spacer\"><\/div>\n\n\n\n<div class=\"wp-block-uagb-container uagb-block-74d890ab alignfull uagb-is-root-container\"><div class=\"uagb-container-inner-blocks-wrap\">\n<h2 class=\"wp-block-heading has-text-align-center\">Roma Fantastica<\/h2>\n\n\n<div class=\"wp-block-image\">\n<figure class=\"aligncenter size-full\"><img loading=\"lazy\" decoding=\"async\" width=\"716\" height=\"1000\" src=\"https:\/\/jeanphilippeguigou.com\/wp-content\/uploads\/2025\/05\/Roma1.jpg\" alt=\"Roma fantastica. Film Luigi Cozzi sc\u00e9nario Jean-Philippe Guigou\" class=\"wp-image-257\" srcset=\"https:\/\/jeanphilippeguigou.com\/wp-content\/uploads\/2025\/05\/Roma1.jpg 716w, https:\/\/jeanphilippeguigou.com\/wp-content\/uploads\/2025\/05\/Roma1-215x300.jpg 215w\" sizes=\"auto, (max-width: 716px) 100vw, 716px\" \/><figcaption class=\"wp-element-caption\"><strong>Sc\u00e9nariste du long-m\u00e9trage documentaire <em>Roma Fantastica<\/em><\/strong><br><strong>Film tourn\u00e9 \u00e0 Rome avec le cin\u00e9aste et \u00e9crivain italien Luigi Cozzi. <\/strong><br><strong>DVD publi\u00e9 en France aux \u00e9ditions L&rsquo;Harmattan<\/strong><\/figcaption><\/figure><\/div>\n\n\n<p><em>Synopsis :<\/em> <em>Roma Fantastica<\/em> commence \u00e0 deux pas du ch\u00e2teau Saint-Ange et de la basilique Saint-Pierre de Rome, dans un lieu myst\u00e9rieux o\u00f9 cohabitent plus volontiers le gore et le m\u00e9tal que les vielles pierres et les somptueuses sculptures de Michel-Ange. Un lieu devenu l&rsquo;escale r\u00e9guli\u00e8re des cin\u00e9astes underground am\u00e9ricains et des groupes de rock en tourn\u00e9e en Italie : Alice Cooper, Eli Roth, Tim Burton\u2026 Cet endroit \u00e9tonnant, c&rsquo;est \u00ab\u00a0Profondo Rosso\u00a0\u00bb, la boutique de cin\u00e9ma que Luigi Cozzi, cin\u00e9aste culte, a cr\u00e9\u00e9e avec Dario Argento en 1989. En partant de ce lieu interlope, Luigi Cozzi nous invite \u00e0 d\u00e9couvrir une Rome \u00e9trange et fantastique, fort \u00e9loign\u00e9e des guides touristiques\u2026<\/p>\n<\/div><\/div>\n\n\n\n<div style=\"height:40px\" aria-hidden=\"true\" class=\"wp-block-spacer\"><\/div>\n\n\n\n<div class=\"wp-block-uagb-container uagb-block-1a75b7b5 alignfull uagb-is-root-container\"><div class=\"uagb-container-inner-blocks-wrap\">\n<h2 class=\"wp-block-heading has-text-align-center\">Filigranowa<\/h2>\n\n\n<div class=\"wp-block-image\">\n<figure class=\"aligncenter size-full\"><img loading=\"lazy\" decoding=\"async\" width=\"716\" height=\"1000\" src=\"https:\/\/jeanphilippeguigou.com\/wp-content\/uploads\/2025\/07\/Salles-et-dvd_filigranowa-copier.jpg\" alt=\"Filigranowa, soci\u00e9t\u00e9 de distribution en salles de cin\u00e9ma de films de montagne et d'alpinisme, d'\u00e9dition de livres et de DVD.\" class=\"wp-image-1274\" srcset=\"https:\/\/jeanphilippeguigou.com\/wp-content\/uploads\/2025\/07\/Salles-et-dvd_filigranowa-copier.jpg 716w, https:\/\/jeanphilippeguigou.com\/wp-content\/uploads\/2025\/07\/Salles-et-dvd_filigranowa-copier-215x300.jpg 215w\" sizes=\"auto, (max-width: 716px) 100vw, 716px\" \/><figcaption class=\"wp-element-caption\"><strong>Distribution dans les salles de cin\u00e9ma fran\u00e7aises et\/ou en<\/strong> <strong>\u00e9dition DVD de plus de 45 films de montagne et d&rsquo;aventure en provenance du monde entier.<\/strong><\/figcaption><\/figure><\/div>\n\n\n<p>Traduction et distribution en France, en salles de cin\u00e9ma et\/ou en DVD, de plus 45 films d&rsquo;aventure et de montagne en provenance de tous les pays du monde, r\u00e9alis\u00e9s par les plus grands cin\u00e9astes du genre : Werner Herzog, Fulvio Mariani, Gerhard Baur, Jerzy Porebski, Nicol\u00f2 Bongiorno, Mario Casella, Luca Bich, Alastair Lee, Paul Diffley, Chris Prescott, Laszlo Pal, Iara Lee, Leanne Pooley, Michael Dillon, Richard Dennison, Paola Nessi, Valerio Scheggia, Paolo Paganin, Elena Goatelli, Simon Bischoff, Andy Szollosi, Daniele Carletti et de nombreux autres. La grande aventure de <em>Filigranowa<\/em> dura une vingtaine d&rsquo;ann\u00e9es et permit l&rsquo;organisation de nombreuses soir\u00e9es inoubliables dans les cin\u00e9mas de la France enti\u00e8re ainsi que dans le cadre prestigieux de l&rsquo;Institut Lumi\u00e8re \u00e0 Lyon. \u00c0 la fois soci\u00e9t\u00e9 de distribution de films en salles de cin\u00e9ma et maison d&rsquo;\u00e9dition, <em>Filigranowa<\/em> permit aussi la publication de nombreux DVD et de livres d&rsquo;auteurs comme Andrzej Zulawski, Riccardo Cassin, Krzysztof Wielicki, ou Mirella Tenderini.<\/p>\n\n\n\n<p><a href=\"https:\/\/jeanphilippeguigou.com\/wp-content\/uploads\/2025\/11\/LaMontagneetAlpinisme_Mars2021_Interview.pdf\">Interview parue dans la revue <em>La Montagne et Alpinisme<\/em><\/a><\/p>\n<\/div><\/div>\n\n\n\n<div style=\"height:40px\" aria-hidden=\"true\" class=\"wp-block-spacer\"><\/div>\n\n\n\n<div class=\"wp-block-uagb-container uagb-block-1f1d020d alignfull uagb-is-root-container\"><div class=\"uagb-container-inner-blocks-wrap\">\n<h2 class=\"wp-block-heading has-text-align-center\">Festival du Film de Montagne de Patrimoine de Belley<\/h2>\n\n\n<div class=\"wp-block-image\">\n<figure class=\"aligncenter size-full\"><img loading=\"lazy\" decoding=\"async\" width=\"708\" height=\"1000\" src=\"https:\/\/jeanphilippeguigou.com\/wp-content\/uploads\/2025\/10\/Affiche_Festival_Film_Montagne_Belley_2025.jpg\" alt=\"Programmation du Festival du Film de Montagne de Patrimoine de Belley.\" class=\"wp-image-1371\" srcset=\"https:\/\/jeanphilippeguigou.com\/wp-content\/uploads\/2025\/10\/Affiche_Festival_Film_Montagne_Belley_2025.jpg 708w, https:\/\/jeanphilippeguigou.com\/wp-content\/uploads\/2025\/10\/Affiche_Festival_Film_Montagne_Belley_2025-212x300.jpg 212w\" sizes=\"auto, (max-width: 708px) 100vw, 708px\" \/><figcaption class=\"wp-element-caption\"><strong>Programmation du Festival du Film de Montagne de Patrimoine de Belley depuis sa cr\u00e9ation.<\/strong><\/figcaption><\/figure><\/div>\n\n\n<p>Le <em><a href=\"http:\/\/festivaldebelley.com\">Festival du Film de Montagne de Patrimoine de Belley<\/a><\/em><strong><em> <\/em><\/strong>se d\u00e9roule chaque ann\u00e9e, le deuxi\u00e8me dimanche du mois de mars, au cin\u00e9ma l&rsquo;Arlequin. Son objectif consiste \u00e0 s\u00e9lectionner les \u0153uvres majeures du cin\u00e9ma de montagne, en provenance du monde entier, et \u00e0 inviter les plus grands cin\u00e9astes du genre \u00e0 les pr\u00e9senter. Les deux derni\u00e8res \u00e9ditions, en 2024 et 2025, ont ainsi permis la venue \u00e0 Belley du r\u00e9alisateur italien Nicol\u00f2 Bongiorno et du cin\u00e9aste suisse Fulvio Mariani qui ont pr\u00e9sent\u00e9 leurs films, anciens et nouveaux, \u00e0 un public nombreux et enthousiaste. Le r\u00f4le du programmateur de ce festival, depuis sa cr\u00e9ation, consiste \u00e0 s\u00e9lectionner les cin\u00e9astes dont l&rsquo;\u0153uvre sera mise en avant, \u00e0 organiser leur venue et \u00e0 d\u00e9finir l&rsquo;ensemble des films qui seront projet\u00e9s aux festivaliers. Belley est une dynamique petite ville du Bugey dans le d\u00e9partement de l&rsquo;Ain, en r\u00e9gion Auvergne-Rh\u00f4ne-Alpes domin\u00e9e par le Grand Colombier, un sommet de 1534 m\u00e8tres d&rsquo;altitude dans le massif du Jura.<\/p>\n<\/div><\/div>\n","protected":false},"excerpt":{"rendered":"<p>Le premier des deux films pr\u00e9sent\u00e9s ici part sur les traces de la Varsovie de la fin des ann\u00e9es soixante. Une ville \u00ab\u00a0de l&rsquo;extinction des lumi\u00e8res et du resserrement des vis\u00a0\u00bb comme la d\u00e9finissait Andrzej Zulawski. Il a \u00e9t\u00e9 tourn\u00e9 \u00e0 Varsovie avec le cin\u00e9aste et \u00e9crivain polonais. Le second film a \u00e9t\u00e9 tourn\u00e9 \u00e0 Rome, \u00e0 deux pas du Vatican, dans les profondeurs sombres et inqui\u00e9tantes des souterrains de la boutique Profondo rosso et dans les studios de Cinecitt\u00e0 avec Luigi Cozzi, le plus grand cin\u00e9aste italien de science fiction. De son c\u00f4t\u00e9, la grande aventure Filigranowa a \u00e9t\u00e9 l&rsquo;occasion de s\u00e9lectionner, traduire et distribuer dans les salles de cin\u00e9ma fran\u00e7aises et en DVD plus de 45 films de montagne et d&rsquo;aventure en provenance du monde entier et r\u00e9alis\u00e9s par les plus grands cin\u00e9astes du genre. La programmation du Festival du Film de Montagne de Patrimoine de Belley poursuit ce travail. Varsovie, la for\u00eat forteresse Synopsis : Il \u00e9tait une fois un pays totalitaire dans lequel a exist\u00e9 un improbable \u00eelot d&rsquo;intelligence et de r\u00e9sistance auto-baptis\u00e9 \u00ab\u00a0Principaut\u00e9 de Varsovie\u00a0\u00bb. Des intellectuels tentaient d&rsquo;y survivre, tant bien que mal. Pour cela, ils n&rsquo;avaient d&rsquo;autre choix que de pratiquer un double-jeu pour \u00e9viter de se faire broyer par les vis du r\u00e9gime. Jusqu&rsquo;o\u00f9 \u00e9tait-il possible d&rsquo;aller sans d\u00e9finitivement perdre son \u00e2me ? Dans le cas d&rsquo;Andrzej Zulawski, son amour de Varsovie est immod\u00e9r\u00e9 et pourtant complexe\u2026 Il en a \u00e9t\u00e9 physiquement chass\u00e9 \u00e0 deux reprises sous l&rsquo;\u00e9poque communiste et, contrairement \u00e0 ses confr\u00e8res polonais de la m\u00eame g\u00e9n\u00e9ration, il s&rsquo;est battu pour poursuivre dans sa ville son travail d&rsquo;\u00e9crivain et de cin\u00e9aste. Roma Fantastica Synopsis : Roma Fantastica commence \u00e0 deux pas du ch\u00e2teau Saint-Ange et de la basilique Saint-Pierre de Rome, dans un lieu myst\u00e9rieux o\u00f9 cohabitent plus volontiers le gore et le m\u00e9tal que les vielles pierres et les somptueuses sculptures de Michel-Ange. Un lieu devenu l&rsquo;escale r\u00e9guli\u00e8re des cin\u00e9astes underground am\u00e9ricains et des groupes de rock en tourn\u00e9e en Italie : Alice Cooper, Eli Roth, Tim Burton\u2026 Cet endroit \u00e9tonnant, c&rsquo;est \u00ab\u00a0Profondo Rosso\u00a0\u00bb, la boutique de cin\u00e9ma que Luigi Cozzi, cin\u00e9aste culte, a cr\u00e9\u00e9e avec Dario Argento en 1989. En partant de ce lieu interlope, Luigi Cozzi nous invite \u00e0 d\u00e9couvrir une Rome \u00e9trange et fantastique, fort \u00e9loign\u00e9e des guides touristiques\u2026 Filigranowa Traduction et distribution en France, en salles de cin\u00e9ma et\/ou en DVD, de plus 45 films d&rsquo;aventure et de montagne en provenance de tous les pays du monde, r\u00e9alis\u00e9s par les plus grands cin\u00e9astes du genre : Werner Herzog, Fulvio Mariani, Gerhard Baur, Jerzy Porebski, Nicol\u00f2 Bongiorno, Mario Casella, Luca Bich, Alastair Lee, Paul Diffley, Chris Prescott, Laszlo Pal, Iara Lee, Leanne Pooley, Michael Dillon, Richard Dennison, Paola Nessi, Valerio Scheggia, Paolo Paganin, Elena Goatelli, Simon Bischoff, Andy Szollosi, Daniele Carletti et de nombreux autres. La grande aventure de Filigranowa dura une vingtaine d&rsquo;ann\u00e9es et permit l&rsquo;organisation de nombreuses soir\u00e9es inoubliables dans les cin\u00e9mas de la France enti\u00e8re ainsi que dans le cadre prestigieux de l&rsquo;Institut Lumi\u00e8re \u00e0 Lyon. \u00c0 la fois soci\u00e9t\u00e9 de distribution de films en salles de cin\u00e9ma et maison d&rsquo;\u00e9dition, Filigranowa permit aussi la publication de nombreux DVD et de livres d&rsquo;auteurs comme Andrzej Zulawski, Riccardo Cassin, Krzysztof Wielicki, ou Mirella Tenderini. Interview parue dans la revue La Montagne et Alpinisme Festival du Film de Montagne de Patrimoine de Belley Le Festival du Film de Montagne de Patrimoine de Belley se d\u00e9roule chaque ann\u00e9e, le deuxi\u00e8me dimanche du mois de mars, au cin\u00e9ma l&rsquo;Arlequin. Son objectif consiste \u00e0 s\u00e9lectionner les \u0153uvres majeures du cin\u00e9ma de montagne, en provenance du monde entier, et \u00e0 inviter les plus grands cin\u00e9astes du genre \u00e0 les pr\u00e9senter. Les deux derni\u00e8res \u00e9ditions, en 2024 et 2025, ont ainsi permis la venue \u00e0 Belley du r\u00e9alisateur italien Nicol\u00f2 Bongiorno et du cin\u00e9aste suisse Fulvio Mariani qui ont pr\u00e9sent\u00e9 leurs films, anciens et nouveaux, \u00e0 un public nombreux et enthousiaste. Le r\u00f4le du programmateur de ce festival, depuis sa cr\u00e9ation, consiste \u00e0 s\u00e9lectionner les cin\u00e9astes dont l&rsquo;\u0153uvre sera mise en avant, \u00e0 organiser leur venue et \u00e0 d\u00e9finir l&rsquo;ensemble des films qui seront projet\u00e9s aux festivaliers. Belley est une dynamique petite ville du Bugey dans le d\u00e9partement de l&rsquo;Ain, en r\u00e9gion Auvergne-Rh\u00f4ne-Alpes domin\u00e9e par le Grand Colombier, un sommet de 1534 m\u00e8tres d&rsquo;altitude dans le massif du Jura.<\/p>\n","protected":false},"author":1,"featured_media":0,"parent":0,"menu_order":0,"comment_status":"closed","ping_status":"closed","template":"","meta":{"_uag_custom_page_level_css":"","footnotes":""},"class_list":["post-920","page","type-page","status-publish","hentry"],"uagb_featured_image_src":{"full":false,"thumbnail":false,"medium":false,"medium_large":false,"large":false,"1536x1536":false,"2048x2048":false,"ashe-slider-full-thumbnail":false,"ashe-full-thumbnail":false,"ashe-list-thumbnail":false,"ashe-grid-thumbnail":false,"ashe-single-navigation":false},"uagb_author_info":{"display_name":"Exp0Guig0U","author_link":"https:\/\/jeanphilippeguigou.com\/?author=1"},"uagb_comment_info":0,"uagb_excerpt":"Le premier des deux films pr\u00e9sent\u00e9s ici part sur les traces de la Varsovie de la fin des ann\u00e9es soixante. Une ville \u00ab\u00a0de l&rsquo;extinction des lumi\u00e8res et du resserrement des vis\u00a0\u00bb comme la d\u00e9finissait Andrzej Zulawski. Il a \u00e9t\u00e9 tourn\u00e9 \u00e0 Varsovie avec le cin\u00e9aste et \u00e9crivain polonais. Le second film a \u00e9t\u00e9 tourn\u00e9 \u00e0\u2026","_links":{"self":[{"href":"https:\/\/jeanphilippeguigou.com\/index.php?rest_route=\/wp\/v2\/pages\/920","targetHints":{"allow":["GET"]}}],"collection":[{"href":"https:\/\/jeanphilippeguigou.com\/index.php?rest_route=\/wp\/v2\/pages"}],"about":[{"href":"https:\/\/jeanphilippeguigou.com\/index.php?rest_route=\/wp\/v2\/types\/page"}],"author":[{"embeddable":true,"href":"https:\/\/jeanphilippeguigou.com\/index.php?rest_route=\/wp\/v2\/users\/1"}],"replies":[{"embeddable":true,"href":"https:\/\/jeanphilippeguigou.com\/index.php?rest_route=%2Fwp%2Fv2%2Fcomments&post=920"}],"version-history":[{"count":101,"href":"https:\/\/jeanphilippeguigou.com\/index.php?rest_route=\/wp\/v2\/pages\/920\/revisions"}],"predecessor-version":[{"id":1460,"href":"https:\/\/jeanphilippeguigou.com\/index.php?rest_route=\/wp\/v2\/pages\/920\/revisions\/1460"}],"wp:attachment":[{"href":"https:\/\/jeanphilippeguigou.com\/index.php?rest_route=%2Fwp%2Fv2%2Fmedia&parent=920"}],"curies":[{"name":"wp","href":"https:\/\/api.w.org\/{rel}","templated":true}]}}